{"id":19964,"date":"2025-01-28T11:48:10","date_gmt":"2025-01-28T09:48:10","guid":{"rendered":"https:\/\/www.sbl.eu\/?page_id=19964"},"modified":"2025-01-28T14:09:50","modified_gmt":"2025-01-28T12:09:50","slug":"marie-priscilla-kouakou","status":"publish","type":"page","link":"https:\/\/www.sbl.eu\/fr\/equipe\/marie-priscilla-kouakou\/","title":{"rendered":"Marie-Priscilla Kouakou"},"content":{"rendered":"<div class=\"row \"><div class=\"wpv-grid grid-1-3  wpv-first-level first has-background unextended\" style=\"\n\t\t\t\tbackground: url( 'https:\/\/www.sbl.eu\/wp-content\/uploads\/SBL_marie-priscilla_kouakou_avocate.jpg' ) no-repeat center top;\n\t\t\t\tbackground-size: cover;\n\t\t\tbackground-attachment: scroll;padding-top:400px;padding-bottom:0px\" id=\"wpv-column-32febd146afd71a55dda9631af162fec\" ><\/div>\n<div class=\"wpv-grid grid-2-3 add-border wpv-first-level has-background unextended\" style=\"background-color:#004e70;padding-top:20px;padding-bottom:15px\" id=\"wpv-column-cb7a41e108bf2220ceacfe6708a6714a\" ><style>#wpv-column-cb7a41e108bf2220ceacfe6708a6714a p,#wpv-column-cb7a41e108bf2220ceacfe6708a6714a .column-title,#wpv-column-cb7a41e108bf2220ceacfe6708a6714a .sep-text h2.regular-title-wrapper,#wpv-column-cb7a41e108bf2220ceacfe6708a6714a .text-divider-double,#wpv-column-cb7a41e108bf2220ceacfe6708a6714a .sep-text .sep-text-line,#wpv-column-cb7a41e108bf2220ceacfe6708a6714a .sep,#wpv-column-cb7a41e108bf2220ceacfe6708a6714a .sep-2,#wpv-column-cb7a41e108bf2220ceacfe6708a6714a .sep-3,#wpv-column-cb7a41e108bf2220ceacfe6708a6714a td,#wpv-column-cb7a41e108bf2220ceacfe6708a6714a th,#wpv-column-cb7a41e108bf2220ceacfe6708a6714a caption{color:#70d4ff;}#wpv-column-cb7a41e108bf2220ceacfe6708a6714a:before{background-color:transparent;}<\/style><div>\n<h2 class=\"inv\">Marie-Priscilla Kouakou &#8211; Associate. CAPA (2022)<\/h2>\n<p class=\"infos_avocats_bloc\">Collaboratrice<\/p>\n<p class=\"infos_avocats_bloc\">Admise au Barreau de Paris en 2022<\/p>\n<div class=\"push\" style='height:20px'><\/div>\n<h3 style=\"color: #ffffff; padding-left: 20px;\">ACTIVIT\u00c9S<\/h3>\n<p class=\"infos_avocats_bloc\"><a title=\"ACTIVIT\u00c9S - Fiscal\" href=\"https:\/\/www.sbl.eu\/fr\/activites\/fiscal\/\">Fiscal \u203a\u203a<\/a><\/p>\n<p class=\"infos_avocats_bloc\"><a title=\"ACTIVIT\u00c9S - Contentieux\" href=\"https:\/\/www.sbl.eu\/fr\/activites\/contentieux\/\">Contentieux \u203a\u203a<\/a><\/p>\n<div class=\"push\" style='height:20px'><\/div>\n<h3 style=\"color: #ffffff; padding-left: 20px;\">ACTUALIT\u00c9S<\/h3>\n<p class=\"infos_avocats_bloc\"><a title=\"Voir ACTUALIT\u00c9S\" href=\"https:\/\/www.sbl.eu\/fr\/tag\/marie-priscilla-kouakou\/\">Voir \u203a\u203a<\/a><\/p>\n<div class=\"push\" style='height:20px'><\/div>\n<h3 style=\"color: #ffffff; padding-left: 20px;\">CONTACT<\/h3>\n<p class=\"infos_avocats_bloc\">T +33 (0) 1 40 53 09 90<\/p>\n<p class=\"infos_avocats_bloc\"><a title=\"CONTACT - E-mail\" href=\"&#109;&#x61;&#x69;l&#116;&#x6f;&#x3a;m&#112;&#x6b;o&#117;&#x61;&#x6b;o&#117;&#x40;s&#98;&#x6c;&#x2e;e&#117;\">&#x6d;&#x70;&#x6b;&#x6f;&#x75;&#x61;&#x6b;&#x6f;&#x75;&#x40;&#x73;&#98;&#108;&#46;&#101;&#117;<\/a><\/p>\n<p><!--\n\n\n<p class=\"infos_avocats_bloc\"><a title=\"CONTACT - LinkedIn\" href=\"\" target=\"_blank\" rel=\"noopener\">&#091;icon name=\"theme-linkedin\" style=\"\" color=\"accent6\" size=\"14\" &#093;<\/a><\/p>\n\n\n --><\/p>\n<\/div><\/div><\/div>\n<div class=\"push\" style='height:20px'><\/div>\n<h3>FORMATION<\/h3>\n<p class=\"infos_avocats\">CAPA (2022)<\/p>\n<p class=\"infos_avocats\">\u00c9cole de Formation du Barreau (EFB) \u2013 (2021 \u2013 2022)<\/p>\n<p class=\"infos_avocats\">Skema Business School \u2013 Mast\u00e8re Expert en Gestion Fiscale de l\u2019Entreprise \u2013 (2021)<\/p>\n<p class=\"infos_avocats\">Universit\u00e9 Clermont Auvergne \u2013 Master 2 Gestion Juridique et Fiscale de l\u2019Entreprise (2019)<\/p>\n<div class=\"push\" style='height:20px'><\/div>\n<h3>LANGUES<\/h3>\n<p class=\"infos_avocats\">Fran\u00e7ais, Anglais.<\/p>\n<div class=\"push\" style='height:20px'><\/div>\n<h3>PARCOURS<\/h3>\n<p class=\"infos_avocats\">Marie-Priscilla est dipl\u00f4m\u00e9e de Skema Business School (Mast\u00e8re Expert en Gestion Fiscale de l\u2019Entreprise) et de l\u2019Universit\u00e9 Clermont Auvergne (Master 2 en Gestion Juridique et Fiscale de l\u2019Entreprise). Elle a obtenu le Certificat d\u2019Aptitude \u00e0 la Profession d\u2019Avocat (CAPA) en octobre 2022.<\/p>\n<p class=\"infos_avocats\">Avant de rejoindre notre \u00e9quipe fiscale en janvier 2025, Marie-Priscilla a d\u00e9but\u00e9 sa carri\u00e8re au sein de cabinets d\u2019avocats sp\u00e9cialis\u00e9s en fiscalit\u00e9 internationale et a \u00e9galement exerc\u00e9 au sein de la direction fiscale de Danone.<\/p>\n<p class=\"infos_avocats\">Avocate au barreau de Paris, Marie-Priscilla accompagne entreprises et particuliers, tant en conseil qu\u2019en contentieux, dans les domaines de la fiscalit\u00e9 fran\u00e7aise et internationale.<\/p>\n<p class=\"infos_avocats\">Elle est membre de l\u2019Institut des Avocats Conseils Fiscaux (IACF) et de l\u2019International Fiscal Association (IFA).<\/p>\n<div class=\"push\" style='height:20px'><\/div>\n<h4>BUSINESS CASES<\/h4>\n<div class=\"row \"><div class=\"wpv-grid grid-1-1  wpv-first-level first unextended\" style=\"padding-top:0px;padding-bottom:0px\" id=\"wpv-column-b84b59f2132b187d49810aa7eae0c1c7\" ><p><style>#sp-ea-19941 .spcollapsing { height: 0; overflow: hidden; transition-property: height;transition-duration: 300ms;}#sp-ea-19941{ position: relative; }#sp-ea-19941 .ea-card{ opacity: 0;}#eap-preloader-19941{ position: absolute; left: 0; top: 0; height: 100%;width: 100%; text-align: center;display: flex; align-items: center;justify-content: center;}#sp-ea-19941.sp-easy-accordion>.sp-ea-single {margin-bottom: 10px; border: 0px solid #e2e2e2; }#sp-ea-19941.sp-easy-accordion>.sp-ea-single>.ea-header a {color: #ffffff;}#sp-ea-19941.sp-easy-accordion>.sp-ea-single>.sp-collapse>.ea-body {background: #004e70; color: #ffffff;}#sp-ea-19941.sp-easy-accordion>.sp-ea-single {background: #004e70;}#sp-ea-19941.sp-easy-accordion>.sp-ea-single>.ea-header a .ea-expand-icon { float: right; color: #ffffff;font-size: 13px;}#sp-ea-19941.sp-easy-accordion>.sp-ea-single>.ea-header a .ea-expand-icon {margin-right: 0;}<\/style><div id=\"sp_easy_accordion-1728568687\"><div id=\"sp-ea-19941\" class=\"sp-ea-one sp-easy-accordion\" data-ea-active=\"ea-click\" data-ea-mode=\"vertical\" data-preloader=\"1\" data-scroll-active-item=\"\" data-offset-to-scroll=\"0\"><div id=\"eap-preloader-19941\" class=\"accordion-preloader\"><img decoding=\"async\" src=\"https:\/\/www.sbl.eu\/wp-content\/plugins\/easy-accordion-free\/public\/assets\/ea_loader.svg\" alt=\"Loader image\"\/><\/div><div class=\"ea-card sp-ea-single\"><h3 class=\"ea-header\"><a class=\"collapsed\" id=\"ea-header-199410\" role=\"button\" data-sptoggle=\"spcollapse\" data-sptarget=\"#collapse199410\" aria-controls=\"collapse199410\" href=\"#\" aria-expanded=\"false\" tabindex=\"0\"><i aria-hidden=\"true\" role=\"presentation\" class=\"ea-expand-icon eap-icon-ea-expand-plus\"><\/i> Marie-Priscilla a accompagn\u00e9 des clients en vue de la...<\/a><\/h3><div class=\"sp-collapse spcollapse spcollapse\" id=\"collapse199410\" data-parent=\"#sp-ea-19941\" role=\"region\" aria-labelledby=\"ea-header-199410\"> <div class=\"ea-body\"><p>...d\u00e9termination de leur r\u00e9sidence fiscale et de la limitation de leur double imposition.<\/p><\/div><\/div><\/div><div class=\"ea-card sp-ea-single\"><h3 class=\"ea-header\"><a class=\"collapsed\" id=\"ea-header-199411\" role=\"button\" data-sptoggle=\"spcollapse\" data-sptarget=\"#collapse199411\" aria-controls=\"collapse199411\" href=\"#\" aria-expanded=\"false\" tabindex=\"0\"><i aria-hidden=\"true\" role=\"presentation\" class=\"ea-expand-icon eap-icon-ea-expand-plus\"><\/i> Elle a assist\u00e9 des clients en mati\u00e8re de mobilit\u00e9 internationale, notamment...<\/a><\/h3><div class=\"sp-collapse spcollapse spcollapse\" id=\"collapse199411\" data-parent=\"#sp-ea-19941\" role=\"region\" aria-labelledby=\"ea-header-199411\"> <div class=\"ea-body\"><p>...sur les dispositifs relatifs au r\u00e9gime des impatri\u00e9s et \u00e0 l'exit tax.<\/p><\/div><\/div><\/div><div class=\"ea-card sp-ea-single\"><h3 class=\"ea-header\"><a class=\"collapsed\" id=\"ea-header-199412\" role=\"button\" data-sptoggle=\"spcollapse\" data-sptarget=\"#collapse199412\" aria-controls=\"collapse199412\" href=\"#\" aria-expanded=\"false\" tabindex=\"0\"><i aria-hidden=\"true\" role=\"presentation\" class=\"ea-expand-icon eap-icon-ea-expand-plus\"><\/i> Marie-Priscilla a repr\u00e9sent\u00e9 ses clients dans des contentieux...<\/a><\/h3><div class=\"sp-collapse spcollapse spcollapse\" id=\"collapse199412\" data-parent=\"#sp-ea-19941\" role=\"region\" aria-labelledby=\"ea-header-199412\"> <div class=\"ea-body\"><p>...li\u00e9s \u00e0 la d\u00e9claration des comptes bancaires d\u00e9tenus \u00e0 l\u2019\u00e9tranger.<\/p><\/div><\/div><\/div><div class=\"ea-card sp-ea-single\"><h3 class=\"ea-header\"><a class=\"collapsed\" id=\"ea-header-199413\" role=\"button\" data-sptoggle=\"spcollapse\" data-sptarget=\"#collapse199413\" aria-controls=\"collapse199413\" href=\"#\" aria-expanded=\"false\" tabindex=\"0\"><i aria-hidden=\"true\" role=\"presentation\" class=\"ea-expand-icon eap-icon-ea-expand-plus\"><\/i> Elle a accompagn\u00e9 ses clients dans l\u2019optimisation de leurs structures juridiques...<\/a><\/h3><div class=\"sp-collapse spcollapse spcollapse\" id=\"collapse199413\" data-parent=\"#sp-ea-19941\" role=\"region\" aria-labelledby=\"ea-header-199413\"> <div class=\"ea-body\"><p>...afin d\u2019identifier les r\u00e9gimes fiscaux les plus avantageux.<\/p><\/div><\/div><\/div><div class=\"ea-card sp-ea-single\"><h3 class=\"ea-header\"><a class=\"collapsed\" id=\"ea-header-199414\" role=\"button\" data-sptoggle=\"spcollapse\" data-sptarget=\"#collapse199414\" aria-controls=\"collapse199414\" href=\"#\" aria-expanded=\"false\" tabindex=\"0\"><i aria-hidden=\"true\" role=\"presentation\" class=\"ea-expand-icon eap-icon-ea-expand-plus\"><\/i> Marie-Priscilla a accompagn\u00e9 des clients dans la gestion des risques fiscaux, en identifiant...<\/a><\/h3><div class=\"sp-collapse spcollapse spcollapse\" id=\"collapse199414\" data-parent=\"#sp-ea-19941\" role=\"region\" aria-labelledby=\"ea-header-199414\"> <div class=\"ea-body\"><p>...et en \u00e9valuant les risques associ\u00e9s \u00e0 la mise en place de holdings \u00e9trang\u00e8res dans le cadre de montages transfrontaliers.<\/p><\/div><\/div><\/div><script type=\"application\/ld+json\">{ \"@context\": \"https:\/\/schema.org\", \"@type\": \"FAQPage\", \"@id\": \"sp-ea-schema-19941-69f52ad65a5d6\", \"mainEntity\": [{ \"@type\": \"Question\", \"name\": \"Marie-Priscilla a accompagn\u00e9 des clients en vue de la...\", \"acceptedAnswer\": { \"@type\": \"Answer\", \"text\": \"...d\u00e9termination de leur r\u00e9sidence fiscale et de la limitation de leur double imposition.\" } },{ \"@type\": \"Question\", \"name\": \"Elle a assist\u00e9 des clients en mati\u00e8re de mobilit\u00e9 internationale, notamment...\", \"acceptedAnswer\": { \"@type\": \"Answer\", \"text\": \"...sur les dispositifs relatifs au r\u00e9gime des impatri\u00e9s et \u00e0 l'exit tax.\" } },{ \"@type\": \"Question\", \"name\": \"Marie-Priscilla a repr\u00e9sent\u00e9 ses clients dans des contentieux...\", \"acceptedAnswer\": { \"@type\": \"Answer\", \"text\": \"...li\u00e9s \u00e0 la d\u00e9claration des comptes bancaires d\u00e9tenus \u00e0 l\u2019\u00e9tranger.\" } },{ \"@type\": \"Question\", \"name\": \"Elle a accompagn\u00e9 ses clients dans l\u2019optimisation de leurs structures juridiques...\", \"acceptedAnswer\": { \"@type\": \"Answer\", \"text\": \"...afin d\u2019identifier les r\u00e9gimes fiscaux les plus avantageux.\" } },{ \"@type\": \"Question\", \"name\": \"Marie-Priscilla a accompagn\u00e9 des clients dans la gestion des risques fiscaux, en identifiant...\", \"acceptedAnswer\": { \"@type\": \"Answer\", \"text\": \"...et en \u00e9valuant les risques associ\u00e9s \u00e0 la mise en place de holdings \u00e9trang\u00e8res dans le cadre de montages transfrontaliers.\" } }] }<\/script><\/div><\/div><\/div><\/div>\n","protected":false},"excerpt":{"rendered":"<p>FORMATION CAPA (2022) \u00c9cole de Formation du Barreau (EFB) \u2013 (2021 \u2013 2022) Skema Business School \u2013 Mast\u00e8re Expert en Gestion Fiscale de l\u2019Entreprise \u2013 (2021) Universit\u00e9 Clermont Auvergne \u2013 Master 2 Gestion Juridique et Fiscale de l\u2019Entreprise (2019) LANGUES Fran\u00e7ais, Anglais. PARCOURS Marie-Priscilla est dipl\u00f4m\u00e9e de Skema Business School (Mast\u00e8re Expert en Gestion Fiscale&#8230;<\/p>\n","protected":false},"author":1,"featured_media":19985,"parent":9637,"menu_order":0,"comment_status":"closed","ping_status":"closed","template":"","meta":{"footnotes":""},"class_list":["post-19964","page","type-page","status-publish","has-post-thumbnail","hentry"],"_links":{"self":[{"href":"https:\/\/www.sbl.eu\/fr\/wp-json\/wp\/v2\/pages\/19964","targetHints":{"allow":["GET"]}}],"collection":[{"href":"https:\/\/www.sbl.eu\/fr\/wp-json\/wp\/v2\/pages"}],"about":[{"href":"https:\/\/www.sbl.eu\/fr\/wp-json\/wp\/v2\/types\/page"}],"author":[{"embeddable":true,"href":"https:\/\/www.sbl.eu\/fr\/wp-json\/wp\/v2\/users\/1"}],"replies":[{"embeddable":true,"href":"https:\/\/www.sbl.eu\/fr\/wp-json\/wp\/v2\/comments?post=19964"}],"version-history":[{"count":7,"href":"https:\/\/www.sbl.eu\/fr\/wp-json\/wp\/v2\/pages\/19964\/revisions"}],"predecessor-version":[{"id":20006,"href":"https:\/\/www.sbl.eu\/fr\/wp-json\/wp\/v2\/pages\/19964\/revisions\/20006"}],"up":[{"embeddable":true,"href":"https:\/\/www.sbl.eu\/fr\/wp-json\/wp\/v2\/pages\/9637"}],"wp:featuredmedia":[{"embeddable":true,"href":"https:\/\/www.sbl.eu\/fr\/wp-json\/wp\/v2\/media\/19985"}],"wp:attachment":[{"href":"https:\/\/www.sbl.eu\/fr\/wp-json\/wp\/v2\/media?parent=19964"}],"curies":[{"name":"wp","href":"https:\/\/api.w.org\/{rel}","templated":true}]}}